{"id":9,"date":"2025-06-18T18:44:04","date_gmt":"2025-06-18T21:44:04","guid":{"rendered":"https:\/\/awzautotech.com.br\/?page_id=9"},"modified":"2026-02-20T09:27:46","modified_gmt":"2026-02-20T12:27:46","slug":"home","status":"publish","type":"page","link":"https:\/\/awzautotech.com.br\/","title":{"rendered":"Home"},"content":{"rendered":"\t\t<div data-elementor-type=\"wp-page\" data-elementor-id=\"9\" class=\"elementor elementor-9\">\n\t\t\t\t<div class=\"elementor-element elementor-element-d1d547c e-con-full e-flex e-con e-parent\" data-id=\"d1d547c\" data-element_type=\"container\" data-settings=\"{&quot;background_background&quot;:&quot;classic&quot;}\">\n\t\t<div class=\"elementor-element elementor-element-a440b59 e-con-full e-flex e-con e-child\" data-id=\"a440b59\" data-element_type=\"container\">\n\t\t\t\t<div class=\"elementor-element elementor-element-2fbd93f elementor-widget elementor-widget-image\" data-id=\"2fbd93f\" data-element_type=\"widget\" data-widget_type=\"image.default\">\n\t\t\t\t<div class=\"elementor-widget-container\">\n\t\t\t\t\t\t\t\t\t\t\t\t\t\t\t<img fetchpriority=\"high\" decoding=\"async\" width=\"268\" height=\"237\" src=\"https:\/\/awzautotech.com.br\/wp-content\/uploads\/2026\/02\/Logo3D.png\" class=\"attachment-large size-large wp-image-406\" alt=\"\" \/>\t\t\t\t\t\t\t\t\t\t\t\t\t\t\t<\/div>\n\t\t\t\t<\/div>\n\t\t\t\t<div class=\"elementor-element elementor-element-789f849 elementor-widget elementor-widget-heading\" data-id=\"789f849\" data-element_type=\"widget\" data-widget_type=\"heading.default\">\n\t\t\t\t<div class=\"elementor-widget-container\">\n\t\t\t\t\t<h2 class=\"elementor-heading-title elementor-size-default\">ADAS SEGURO.<br>PRECIS\u00c3O GARANTIDA.<br>DIRIJA COM CONFIAN\u00c7A E SEGURAN\u00c7A.<\/h2>\t\t\t\t<\/div>\n\t\t\t\t<\/div>\n\t\t\t\t<div class=\"elementor-element elementor-element-881ac4c elementor-widget elementor-widget-text-editor\" data-id=\"881ac4c\" data-element_type=\"widget\" data-widget_type=\"text-editor.default\">\n\t\t\t\t<div class=\"elementor-widget-container\">\n\t\t\t\t\t\t\t\t\t<p>Servi\u00e7os especializados de calibra\u00e7\u00e3o ADAS para manter sua seguran\u00e7a nas ruas. Agende seu atendimento hoje mesmo.<\/p>\t\t\t\t\t\t\t\t<\/div>\n\t\t\t\t<\/div>\n\t\t\t\t<\/div>\n\t\t<div class=\"elementor-element elementor-element-3ee0989 e-con-full e-flex e-con e-child\" data-id=\"3ee0989\" data-element_type=\"container\">\n\t\t\t\t<\/div>\n\t\t<div class=\"elementor-element elementor-element-3c7d314 e-con-full e-flex e-con e-child\" data-id=\"3c7d314\" data-element_type=\"container\">\n\t\t\t\t<div class=\"elementor-element elementor-element-18e29eb elementor-widget elementor-widget-button\" data-id=\"18e29eb\" data-element_type=\"widget\" data-widget_type=\"button.default\">\n\t\t\t\t<div class=\"elementor-widget-container\">\n\t\t\t\t\t\t\t\t\t<div class=\"elementor-button-wrapper\">\n\t\t\t\t\t<a class=\"elementor-button elementor-button-link elementor-size-sm\" href=\"https:\/\/awzautotech.com.br\/?page_id=398\">\n\t\t\t\t\t\t<span class=\"elementor-button-content-wrapper\">\n\t\t\t\t\t\t\t\t\t<span class=\"elementor-button-text\">SAIBA MAIS<\/span>\n\t\t\t\t\t<\/span>\n\t\t\t\t\t<\/a>\n\t\t\t\t<\/div>\n\t\t\t\t\t\t\t\t<\/div>\n\t\t\t\t<\/div>\n\t\t\t\t<div class=\"elementor-element elementor-element-ddf8e69 elementor-widget elementor-widget-button\" data-id=\"ddf8e69\" data-element_type=\"widget\" data-widget_type=\"button.default\">\n\t\t\t\t<div class=\"elementor-widget-container\">\n\t\t\t\t\t\t\t\t\t<div class=\"elementor-button-wrapper\">\n\t\t\t\t\t<a class=\"elementor-button elementor-button-link elementor-size-sm\" href=\"https:\/\/wa.me\/5511978797056\" target=\"_blank\">\n\t\t\t\t\t\t<span class=\"elementor-button-content-wrapper\">\n\t\t\t\t\t\t\t\t\t<span class=\"elementor-button-text\">FAZER AGENDAMENTO<\/span>\n\t\t\t\t\t<\/span>\n\t\t\t\t\t<\/a>\n\t\t\t\t<\/div>\n\t\t\t\t\t\t\t\t<\/div>\n\t\t\t\t<\/div>\n\t\t\t\t<\/div>\n\t\t<div class=\"elementor-element elementor-element-9261e92 e-con-full e-flex e-con e-child\" data-id=\"9261e92\" data-element_type=\"container\">\n\t\t\t\t<\/div>\n\t\t\t\t<\/div>\n\t\t<div class=\"elementor-element elementor-element-c7d16b8 e-flex e-con-boxed e-con e-parent\" data-id=\"c7d16b8\" data-element_type=\"container\">\n\t\t\t\t\t<div class=\"e-con-inner\">\n\t\t<div class=\"elementor-element elementor-element-a6f07e7 e-con-full e-flex e-con e-child\" data-id=\"a6f07e7\" data-element_type=\"container\">\n\t\t\t\t<\/div>\n\t\t<div class=\"elementor-element elementor-element-ff199ac e-con-full e-flex e-con e-child\" data-id=\"ff199ac\" data-element_type=\"container\">\n\t\t\t\t<div class=\"elementor-element elementor-element-b5edd56 elementor-widget elementor-widget-heading\" data-id=\"b5edd56\" data-element_type=\"widget\" data-widget_type=\"heading.default\">\n\t\t\t\t<div class=\"elementor-widget-container\">\n\t\t\t\t\t<h2 class=\"elementor-heading-title elementor-size-default\">CALIBRA\u00c7\u00c3O ADAS COM MOBILIDADE, TECNOLOGIA E RIGOR T\u00c9CNICO.<\/h2>\t\t\t\t<\/div>\n\t\t\t\t<\/div>\n\t\t\t\t<\/div>\n\t\t<div class=\"elementor-element elementor-element-daff7f7 e-con-full e-flex e-con e-child\" data-id=\"daff7f7\" data-element_type=\"container\">\n\t\t\t\t<\/div>\n\t\t<div class=\"elementor-element elementor-element-5311045 e-con-full e-flex e-con e-child\" data-id=\"5311045\" data-element_type=\"container\" data-settings=\"{&quot;background_background&quot;:&quot;classic&quot;}\">\n\t\t\t\t<div class=\"elementor-element elementor-element-691340a elementor-widget elementor-widget-image\" data-id=\"691340a\" data-element_type=\"widget\" data-widget_type=\"image.default\">\n\t\t\t\t<div class=\"elementor-widget-container\">\n\t\t\t\t\t\t\t\t\t\t\t\t\t\t\t<img decoding=\"async\" width=\"710\" height=\"303\" src=\"https:\/\/awzautotech.com.br\/wp-content\/uploads\/2025\/07\/VanAWZ2.png\" class=\"attachment-large size-large wp-image-291\" alt=\"\" srcset=\"https:\/\/awzautotech.com.br\/wp-content\/uploads\/2025\/07\/VanAWZ2.png 710w, https:\/\/awzautotech.com.br\/wp-content\/uploads\/2025\/07\/VanAWZ2-300x128.png 300w\" sizes=\"(max-width: 710px) 100vw, 710px\" \/>\t\t\t\t\t\t\t\t\t\t\t\t\t\t\t<\/div>\n\t\t\t\t<\/div>\n\t\t\t\t<\/div>\n\t\t<div class=\"elementor-element elementor-element-f746e1c e-con-full e-flex e-con e-child\" data-id=\"f746e1c\" data-element_type=\"container\">\n\t\t\t\t<\/div>\n\t\t<div class=\"elementor-element elementor-element-2f61f77 e-con-full e-flex e-con e-child\" data-id=\"2f61f77\" data-element_type=\"container\">\n\t\t\t\t<div class=\"elementor-element elementor-element-f91a582 elementor-widget elementor-widget-text-editor\" data-id=\"f91a582\" data-element_type=\"widget\" data-widget_type=\"text-editor.default\">\n\t\t\t\t<div class=\"elementor-widget-container\">\n\t\t\t\t\t\t\t\t\t<p>A AWZ leva at\u00e9 voc\u00ea um servi\u00e7o de calibra\u00e7\u00e3o ADAS m\u00f3vel, com equipamentos de \u00faltima gera\u00e7\u00e3o e total conformidade com as exig\u00eancias t\u00e9cnicas dos fabricantes (OEM).<\/p><p>Mais do que conveni\u00eancia, entregamos precis\u00e3o, seguran\u00e7a e respeito a todas as normas do setor \u2014 com efici\u00eancia e confiabilidade em cada atendimento.<\/p>\t\t\t\t\t\t\t\t<\/div>\n\t\t\t\t<\/div>\n\t\t\t\t<\/div>\n\t\t<div class=\"elementor-element elementor-element-d0cd03d e-con-full e-flex e-con e-child\" data-id=\"d0cd03d\" data-element_type=\"container\">\n\t\t\t\t<\/div>\n\t\t<div class=\"elementor-element elementor-element-5f56cab e-con-full e-flex e-con e-child\" data-id=\"5f56cab\" data-element_type=\"container\">\n\t\t\t\t<div class=\"elementor-element elementor-element-a659286 elementor-mobile-align-left elementor-widget elementor-widget-button\" data-id=\"a659286\" data-element_type=\"widget\" data-widget_type=\"button.default\">\n\t\t\t\t<div class=\"elementor-widget-container\">\n\t\t\t\t\t\t\t\t\t<div class=\"elementor-button-wrapper\">\n\t\t\t\t\t<a class=\"elementor-button elementor-button-link elementor-size-sm\" href=\"https:\/\/wa.me\/5511978797056\" target=\"_blank\">\n\t\t\t\t\t\t<span class=\"elementor-button-content-wrapper\">\n\t\t\t\t\t\t\t\t\t<span class=\"elementor-button-text\">SAIBA MAIS<\/span>\n\t\t\t\t\t<\/span>\n\t\t\t\t\t<\/a>\n\t\t\t\t<\/div>\n\t\t\t\t\t\t\t\t<\/div>\n\t\t\t\t<\/div>\n\t\t\t\t<div class=\"elementor-element elementor-element-96a088b elementor-mobile-align-left elementor-widget elementor-widget-button\" data-id=\"96a088b\" data-element_type=\"widget\" data-widget_type=\"button.default\">\n\t\t\t\t<div class=\"elementor-widget-container\">\n\t\t\t\t\t\t\t\t\t<div class=\"elementor-button-wrapper\">\n\t\t\t\t\t<a class=\"elementor-button elementor-button-link elementor-size-sm\" href=\"https:\/\/wa.me\/5511978797056\" target=\"_blank\">\n\t\t\t\t\t\t<span class=\"elementor-button-content-wrapper\">\n\t\t\t\t\t\t\t\t\t<span class=\"elementor-button-text\">FAZER AGENDAMENTO<\/span>\n\t\t\t\t\t<\/span>\n\t\t\t\t\t<\/a>\n\t\t\t\t<\/div>\n\t\t\t\t\t\t\t\t<\/div>\n\t\t\t\t<\/div>\n\t\t\t\t<\/div>\n\t\t\t\t\t<\/div>\n\t\t\t\t<\/div>\n\t\t<div class=\"elementor-element elementor-element-5e1789a e-con-full e-flex e-con e-parent\" data-id=\"5e1789a\" data-element_type=\"container\" data-settings=\"{&quot;background_background&quot;:&quot;gradient&quot;}\">\n\t\t<div class=\"elementor-element elementor-element-78511ef e-con-full e-flex e-con e-child\" data-id=\"78511ef\" data-element_type=\"container\">\n\t\t\t\t<div class=\"elementor-element elementor-element-6d47075 elementor-widget elementor-widget-heading\" data-id=\"6d47075\" data-element_type=\"widget\" data-widget_type=\"heading.default\">\n\t\t\t\t<div class=\"elementor-widget-container\">\n\t\t\t\t\t<h2 class=\"elementor-heading-title elementor-size-default\">DIAGN\u00d3STICO E REPARO<br>DE BATERIAS DE EV<\/h2>\t\t\t\t<\/div>\n\t\t\t\t<\/div>\n\t\t\t\t<div class=\"elementor-element elementor-element-8381949 elementor-widget elementor-widget-text-editor\" data-id=\"8381949\" data-element_type=\"widget\" data-widget_type=\"text-editor.default\">\n\t\t\t\t<div class=\"elementor-widget-container\">\n\t\t\t\t\t\t\t\t\t<p>Seu carro el\u00e9trico perdeu desempenho ou autonomia? Somos especialistas no diagn\u00f3stico preciso e reparo eficiente das baterias de alta voltagem do seu ve\u00edculo. Identificamos a raiz do problema e realizamos os reparos necess\u00e1rios para que voc\u00ea volte a rodar com total confian\u00e7a e a m\u00e1xima performance.<\/p>\t\t\t\t\t\t\t\t<\/div>\n\t\t\t\t<\/div>\n\t\t\t\t<\/div>\n\t\t<div class=\"elementor-element elementor-element-9b7ad97 e-con-full e-flex e-con e-child\" data-id=\"9b7ad97\" data-element_type=\"container\" data-settings=\"{&quot;background_background&quot;:&quot;classic&quot;}\">\n\t\t\t\t<div class=\"elementor-element elementor-element-8b4e4d8 elementor-widget elementor-widget-image\" data-id=\"8b4e4d8\" data-element_type=\"widget\" data-widget_type=\"image.default\">\n\t\t\t\t<div class=\"elementor-widget-container\">\n\t\t\t\t\t\t\t\t\t\t\t\t\t\t\t<img decoding=\"async\" width=\"460\" height=\"281\" src=\"https:\/\/awzautotech.com.br\/wp-content\/uploads\/2025\/07\/BateriaEV3.png\" class=\"attachment-large size-large wp-image-248\" alt=\"\" srcset=\"https:\/\/awzautotech.com.br\/wp-content\/uploads\/2025\/07\/BateriaEV3.png 460w, https:\/\/awzautotech.com.br\/wp-content\/uploads\/2025\/07\/BateriaEV3-300x183.png 300w\" sizes=\"(max-width: 460px) 100vw, 460px\" \/>\t\t\t\t\t\t\t\t\t\t\t\t\t\t\t<\/div>\n\t\t\t\t<\/div>\n\t\t\t\t<\/div>\n\t\t<div class=\"elementor-element elementor-element-5256b76 e-con-full e-flex e-con e-child\" data-id=\"5256b76\" data-element_type=\"container\">\n\t\t\t\t<div class=\"elementor-element elementor-element-6133203 elementor-widget elementor-widget-button\" data-id=\"6133203\" data-element_type=\"widget\" data-widget_type=\"button.default\">\n\t\t\t\t<div class=\"elementor-widget-container\">\n\t\t\t\t\t\t\t\t\t<div class=\"elementor-button-wrapper\">\n\t\t\t\t\t<a class=\"elementor-button elementor-button-link elementor-size-sm\" href=\"https:\/\/wa.me\/5511978797056\" target=\"_blank\">\n\t\t\t\t\t\t<span class=\"elementor-button-content-wrapper\">\n\t\t\t\t\t\t\t\t\t<span class=\"elementor-button-text\">SAIBA MAIS<\/span>\n\t\t\t\t\t<\/span>\n\t\t\t\t\t<\/a>\n\t\t\t\t<\/div>\n\t\t\t\t\t\t\t\t<\/div>\n\t\t\t\t<\/div>\n\t\t\t\t<div class=\"elementor-element elementor-element-a067ae7 elementor-widget elementor-widget-button\" data-id=\"a067ae7\" data-element_type=\"widget\" data-widget_type=\"button.default\">\n\t\t\t\t<div class=\"elementor-widget-container\">\n\t\t\t\t\t\t\t\t\t<div class=\"elementor-button-wrapper\">\n\t\t\t\t\t<a class=\"elementor-button elementor-button-link elementor-size-sm\" href=\"https:\/\/wa.me\/5511978797056\" target=\"_blank\">\n\t\t\t\t\t\t<span class=\"elementor-button-content-wrapper\">\n\t\t\t\t\t\t\t\t\t<span class=\"elementor-button-text\">FAZER AGENDAMENTO<\/span>\n\t\t\t\t\t<\/span>\n\t\t\t\t\t<\/a>\n\t\t\t\t<\/div>\n\t\t\t\t\t\t\t\t<\/div>\n\t\t\t\t<\/div>\n\t\t\t\t<\/div>\n\t\t\t\t<\/div>\n\t\t<div class=\"elementor-element elementor-element-5a60402 e-flex e-con-boxed e-con e-parent\" data-id=\"5a60402\" data-element_type=\"container\" data-settings=\"{&quot;background_background&quot;:&quot;classic&quot;}\">\n\t\t\t\t\t<div class=\"e-con-inner\">\n\t\t<div class=\"elementor-element elementor-element-2ab317a e-con-full e-flex e-con e-child\" data-id=\"2ab317a\" data-element_type=\"container\">\n\t\t\t\t<div class=\"elementor-element elementor-element-dbb8f85 elementor-widget elementor-widget-image\" data-id=\"dbb8f85\" data-element_type=\"widget\" data-widget_type=\"image.default\">\n\t\t\t\t<div class=\"elementor-widget-container\">\n\t\t\t\t\t\t\t\t\t\t\t\t\t\t\t<img loading=\"lazy\" decoding=\"async\" width=\"200\" height=\"57\" src=\"https:\/\/awzautotech.com.br\/wp-content\/uploads\/2025\/07\/LgoRodapesvg.svg\" class=\"attachment-large size-large wp-image-284\" alt=\"\" \/>\t\t\t\t\t\t\t\t\t\t\t\t\t\t\t<\/div>\n\t\t\t\t<\/div>\n\t\t\t\t<\/div>\n\t\t<div class=\"elementor-element elementor-element-2530cf6 e-con-full e-flex e-con e-child\" data-id=\"2530cf6\" data-element_type=\"container\">\n\t\t\t\t<div class=\"elementor-element elementor-element-f0c4d99 elementor-icon-list--layout-traditional elementor-list-item-link-full_width elementor-widget elementor-widget-icon-list\" data-id=\"f0c4d99\" data-element_type=\"widget\" data-widget_type=\"icon-list.default\">\n\t\t\t\t<div class=\"elementor-widget-container\">\n\t\t\t\t\t\t\t<ul class=\"elementor-icon-list-items\">\n\t\t\t\t\t\t\t<li class=\"elementor-icon-list-item\">\n\t\t\t\t\t\t\t\t\t\t<span class=\"elementor-icon-list-text\">HOME<\/span>\n\t\t\t\t\t\t\t\t\t<\/li>\n\t\t\t\t\t\t\t\t<li class=\"elementor-icon-list-item\">\n\t\t\t\t\t\t\t\t\t\t\t<a href=\"https:\/\/awzautotech.com.br\/?page_id=398\">\n\n\t\t\t\t\t\t\t\t\t\t\t<span class=\"elementor-icon-list-text\">ADAS<\/span>\n\t\t\t\t\t\t\t\t\t\t\t<\/a>\n\t\t\t\t\t\t\t\t\t<\/li>\n\t\t\t\t\t\t\t\t<li class=\"elementor-icon-list-item\">\n\t\t\t\t\t\t\t\t\t\t<span class=\"elementor-icon-list-text\">DIAGN\u00d3STICO BATERIA DE EV<\/span>\n\t\t\t\t\t\t\t\t\t<\/li>\n\t\t\t\t\t\t\t\t<li class=\"elementor-icon-list-item\">\n\t\t\t\t\t\t\t\t\t\t<span class=\"elementor-icon-list-text\">TPMS<\/span>\n\t\t\t\t\t\t\t\t\t<\/li>\n\t\t\t\t\t\t\t\t<li class=\"elementor-icon-list-item\">\n\t\t\t\t\t\t\t\t\t\t<span class=\"elementor-icon-list-text\">QUEM SOMOS<\/span>\n\t\t\t\t\t\t\t\t\t<\/li>\n\t\t\t\t\t\t<\/ul>\n\t\t\t\t\t\t<\/div>\n\t\t\t\t<\/div>\n\t\t\t\t<\/div>\n\t\t<div class=\"elementor-element elementor-element-d8da574 e-con-full e-flex e-con e-child\" data-id=\"d8da574\" data-element_type=\"container\">\n\t\t\t\t<div class=\"elementor-element elementor-element-1a3ff1c elementor-widget elementor-widget-heading\" data-id=\"1a3ff1c\" data-element_type=\"widget\" data-widget_type=\"heading.default\">\n\t\t\t\t<div class=\"elementor-widget-container\">\n\t\t\t\t\t<h2 class=\"elementor-heading-title elementor-size-default\">ACOMPANHE NOSSO TRABALHO:<\/h2>\t\t\t\t<\/div>\n\t\t\t\t<\/div>\n\t\t\t\t<div class=\"elementor-element elementor-element-73f21bd elementor-view-default elementor-widget elementor-widget-icon\" data-id=\"73f21bd\" data-element_type=\"widget\" data-widget_type=\"icon.default\">\n\t\t\t\t<div class=\"elementor-widget-container\">\n\t\t\t\t\t\t\t<div class=\"elementor-icon-wrapper\">\n\t\t\t<a class=\"elementor-icon\" href=\"https:\/\/www.instagram.com\/awzautotech\/\" target=\"_blank\">\n\t\t\t<svg xmlns=\"http:\/\/www.w3.org\/2000\/svg\" id=\"Layer_1\" viewBox=\"0 0 83.6 82.8\"><defs><style>      .st0 {        fill: #fff;      }    <\/style><\/defs><path class=\"st0\" d=\"M59.4,82H24.4c-12.8,0-23.2-10.4-23.2-23.2V23.7C1.2,10.9,11.6.5,24.4.5h35.1c12.8,0,23.2,10.4,23.2,23.2v35.1c0,12.8-10.4,23.2-23.2,23.2ZM24.4,7.5c-8.9,0-16.2,7.3-16.2,16.2v35.1c0,8.9,7.3,16.2,16.2,16.2h35.1c8.9,0,16.2-7.3,16.2-16.2V23.7c0-8.9-7.3-16.2-16.2-16.2H24.4Z\"><\/path><path class=\"st0\" d=\"M41.9,62.1c-11.5,0-20.9-9.4-20.9-20.9s9.4-20.9,20.9-20.9,20.9,9.4,20.9,20.9-9.4,20.9-20.9,20.9ZM41.9,27.4c-7.6,0-13.9,6.2-13.9,13.9s6.2,13.9,13.9,13.9,13.9-6.2,13.9-13.9-6.2-13.9-13.9-13.9Z\"><\/path><path class=\"st0\" d=\"M68.7,19.2c0,2.8-2.2,5-5,5s-5-2.2-5-5,2.2-5,5-5,5,2.2,5,5Z\"><\/path><\/svg>\t\t\t<\/a>\n\t\t<\/div>\n\t\t\t\t\t\t<\/div>\n\t\t\t\t<\/div>\n\t\t\t\t<\/div>\n\t\t<div class=\"elementor-element elementor-element-793745c e-con-full e-flex e-con e-child\" data-id=\"793745c\" data-element_type=\"container\">\n\t\t\t\t<div class=\"elementor-element elementor-element-46ac303 elementor-widget elementor-widget-heading\" data-id=\"46ac303\" data-element_type=\"widget\" data-widget_type=\"heading.default\">\n\t\t\t\t<div class=\"elementor-widget-container\">\n\t\t\t\t\t<h2 class=\"elementor-heading-title elementor-size-default\">CONTATO:<\/h2>\t\t\t\t<\/div>\n\t\t\t\t<\/div>\n\t\t\t\t<div class=\"elementor-element elementor-element-847862c elementor-icon-list--layout-traditional elementor-list-item-link-full_width elementor-widget elementor-widget-icon-list\" data-id=\"847862c\" data-element_type=\"widget\" data-widget_type=\"icon-list.default\">\n\t\t\t\t<div class=\"elementor-widget-container\">\n\t\t\t\t\t\t\t<ul class=\"elementor-icon-list-items\">\n\t\t\t\t\t\t\t<li class=\"elementor-icon-list-item\">\n\t\t\t\t\t\t\t\t\t\t<span class=\"elementor-icon-list-text\">(11) 97879-7056<\/span>\n\t\t\t\t\t\t\t\t\t<\/li>\n\t\t\t\t\t\t\t\t<li class=\"elementor-icon-list-item\">\n\t\t\t\t\t\t\t\t\t\t<span class=\"elementor-icon-list-text\">CONTATO@AWZAUTOTECH.COM.BR<\/span>\n\t\t\t\t\t\t\t\t\t<\/li>\n\t\t\t\t\t\t<\/ul>\n\t\t\t\t\t\t<\/div>\n\t\t\t\t<\/div>\n\t\t\t\t<\/div>\n\t\t\t\t\t<\/div>\n\t\t\t\t<\/div>\n\t\t\t\t<\/div>\n\t\t","protected":false},"excerpt":{"rendered":"<p>ADAS SEGURO.PRECIS\u00c3O GARANTIDA.DIRIJA COM CONFIAN\u00c7A E SEGURAN\u00c7A. Servi\u00e7os especializados de calibra\u00e7\u00e3o ADAS para manter sua seguran\u00e7a nas ruas. Agende seu atendimento hoje mesmo. SAIBA MAIS FAZER AGENDAMENTO CALIBRA\u00c7\u00c3O ADAS COM MOBILIDADE, TECNOLOGIA E RIGOR T\u00c9CNICO. A AWZ leva at\u00e9 voc\u00ea um servi\u00e7o de calibra\u00e7\u00e3o ADAS m\u00f3vel, com equipamentos de \u00faltima gera\u00e7\u00e3o e total conformidade com [&hellip;]<\/p>\n","protected":false},"author":1,"featured_media":0,"parent":0,"menu_order":0,"comment_status":"closed","ping_status":"closed","template":"elementor_header_footer","meta":{"footnotes":""},"class_list":["post-9","page","type-page","status-publish","hentry"],"blocksy_meta":[],"_links":{"self":[{"href":"https:\/\/awzautotech.com.br\/index.php?rest_route=\/wp\/v2\/pages\/9","targetHints":{"allow":["GET"]}}],"collection":[{"href":"https:\/\/awzautotech.com.br\/index.php?rest_route=\/wp\/v2\/pages"}],"about":[{"href":"https:\/\/awzautotech.com.br\/index.php?rest_route=\/wp\/v2\/types\/page"}],"author":[{"embeddable":true,"href":"https:\/\/awzautotech.com.br\/index.php?rest_route=\/wp\/v2\/users\/1"}],"replies":[{"embeddable":true,"href":"https:\/\/awzautotech.com.br\/index.php?rest_route=%2Fwp%2Fv2%2Fcomments&post=9"}],"version-history":[{"count":352,"href":"https:\/\/awzautotech.com.br\/index.php?rest_route=\/wp\/v2\/pages\/9\/revisions"}],"predecessor-version":[{"id":802,"href":"https:\/\/awzautotech.com.br\/index.php?rest_route=\/wp\/v2\/pages\/9\/revisions\/802"}],"wp:attachment":[{"href":"https:\/\/awzautotech.com.br\/index.php?rest_route=%2Fwp%2Fv2%2Fmedia&parent=9"}],"curies":[{"name":"wp","href":"https:\/\/api.w.org\/{rel}","templated":true}]}}